{"id":795,"date":"2023-02-24T12:19:52","date_gmt":"2023-02-24T12:19:52","guid":{"rendered":"https:\/\/odine.tiltuat.co.uk\/?page_id=795"},"modified":"2024-10-02T14:33:56","modified_gmt":"2024-10-02T13:33:56","slug":"our-sustainable-approach","status":"publish","type":"page","link":"https:\/\/staging3.odine.com\/tr\/about-us\/our-sustainable-approach\/","title":{"rendered":"Yakla\u015f\u0131m\u0131m\u0131z"},"content":{"rendered":"","protected":false},"excerpt":{"rendered":"","protected":false},"author":1,"featured_media":0,"parent":150,"menu_order":0,"comment_status":"closed","ping_status":"closed","template":"","meta":{"_acf_changed":false,"footnotes":"","_links_to":"","_links_to_target":""},"class_list":["post-795","page","type-page","status-publish","hentry"],"acf":[],"yoast_head":"<!-- This site is optimized with the Yoast SEO Premium plugin v20.7 (Yoast SEO v25.7) - https:\/\/yoast.com\/wordpress\/plugins\/seo\/ -->\n<title>Sustainable Transformation | Odine<\/title>\n<meta name=\"description\" content=\"Our sustainable approach to transformation empowers global telecoms to seize untapped growth in our rapidly changing environments.\" \/>\n<meta name=\"robots\" content=\"noindex, follow, max-snippet:-1, max-image-preview:large, max-video-preview:-1\" \/>\n<meta property=\"og:locale\" content=\"tr_TR\" \/>\n<meta property=\"og:type\" content=\"article\" \/>\n<meta property=\"og:title\" content=\"Our Approach\" \/>\n<meta property=\"og:description\" content=\"Our sustainable approach to transformation empowers global telecoms to seize untapped growth in our rapidly changing environments.\" \/>\n<meta property=\"og:url\" content=\"https:\/\/staging3.odine.com\/tr\/about-us\/our-sustainable-approach\/\" \/>\n<meta property=\"og:site_name\" content=\"Odine\" \/>\n<meta property=\"article:modified_time\" content=\"2024-10-02T13:33:56+00:00\" \/>\n<meta name=\"twitter:card\" content=\"summary_large_image\" \/>\n<meta name=\"twitter:label1\" content=\"Tahmini okuma s\u00fcresi\" \/>\n\t<meta name=\"twitter:data1\" content=\"4 dakika\" \/>\n<script type=\"application\/ld+json\" class=\"yoast-schema-graph\">{\"@context\":\"https:\/\/schema.org\",\"@graph\":[{\"@type\":\"WebPage\",\"@id\":\"https:\/\/staging3.odine.com\/about-us\/our-sustainable-approach\/\",\"url\":\"https:\/\/staging3.odine.com\/about-us\/our-sustainable-approach\/\",\"name\":\"Sustainable Transformation | Odine\",\"isPartOf\":{\"@id\":\"https:\/\/staging3.odine.com\/#website\"},\"datePublished\":\"2023-02-24T12:19:52+00:00\",\"dateModified\":\"2024-10-02T13:33:56+00:00\",\"description\":\"Our sustainable approach to transformation empowers global telecoms to seize untapped growth in our rapidly changing environments.\",\"breadcrumb\":{\"@id\":\"https:\/\/staging3.odine.com\/about-us\/our-sustainable-approach\/#breadcrumb\"},\"inLanguage\":\"tr\",\"potentialAction\":[{\"@type\":\"ReadAction\",\"target\":[\"https:\/\/staging3.odine.com\/about-us\/our-sustainable-approach\/\"]}]},{\"@type\":\"BreadcrumbList\",\"@id\":\"https:\/\/staging3.odine.com\/about-us\/our-sustainable-approach\/#breadcrumb\",\"itemListElement\":[{\"@type\":\"ListItem\",\"position\":1,\"name\":\"Home\",\"item\":\"https:\/\/staging3.odine.com\/\"},{\"@type\":\"ListItem\",\"position\":2,\"name\":\"About Us\",\"item\":\"https:\/\/staging3.odine.com\/about-us\/\"},{\"@type\":\"ListItem\",\"position\":3,\"name\":\"Our Approach\"}]},{\"@type\":\"WebSite\",\"@id\":\"https:\/\/staging3.odine.com\/#website\",\"url\":\"https:\/\/staging3.odine.com\/\",\"name\":\"Odine\",\"description\":\"\",\"potentialAction\":[{\"@type\":\"SearchAction\",\"target\":{\"@type\":\"EntryPoint\",\"urlTemplate\":\"https:\/\/staging3.odine.com\/?s={search_term_string}\"},\"query-input\":{\"@type\":\"PropertyValueSpecification\",\"valueRequired\":true,\"valueName\":\"search_term_string\"}}],\"inLanguage\":\"tr\"}]}<\/script>\n<!-- \/ Yoast SEO Premium plugin. -->","yoast_head_json":{"title":"Sustainable Transformation | Odine","description":"S\u00fcrd\u00fcr\u00fclebilir d\u00f6n\u00fc\u015f\u00fcm yakla\u015f\u0131m\u0131m\u0131z, k\u00fcresel telekom\u00fcnikasyon \u015firketlerinin h\u0131zla de\u011fi\u015fen ortamlar\u0131m\u0131zda dokunulmam\u0131\u015f b\u00fcy\u00fcmeyi ele ge\u00e7irmesine olanak tan\u0131r.","robots":{"index":"noindex","follow":"follow","max-snippet":"max-snippet:-1","max-image-preview":"max-image-preview:large","max-video-preview":"max-video-preview:-1"},"og_locale":"tr_TR","og_type":"article","og_title":"Our Approach","og_description":"Our sustainable approach to transformation empowers global telecoms to seize untapped growth in our rapidly changing environments.","og_url":"https:\/\/staging3.odine.com\/tr\/about-us\/our-sustainable-approach\/","og_site_name":"Odine","article_modified_time":"2024-10-02T13:33:56+00:00","twitter_card":"summary_large_image","twitter_misc":{"Tahmini okuma s\u00fcresi":"4 dakika"},"schema":{"@context":"https:\/\/schema.org","@graph":[{"@type":"WebPage","@id":"https:\/\/staging3.odine.com\/about-us\/our-sustainable-approach\/","url":"https:\/\/staging3.odine.com\/about-us\/our-sustainable-approach\/","name":"Sustainable Transformation | Odine","isPartOf":{"@id":"https:\/\/staging3.odine.com\/#website"},"datePublished":"2023-02-24T12:19:52+00:00","dateModified":"2024-10-02T13:33:56+00:00","description":"S\u00fcrd\u00fcr\u00fclebilir d\u00f6n\u00fc\u015f\u00fcm yakla\u015f\u0131m\u0131m\u0131z, k\u00fcresel telekom\u00fcnikasyon \u015firketlerinin h\u0131zla de\u011fi\u015fen ortamlar\u0131m\u0131zda dokunulmam\u0131\u015f b\u00fcy\u00fcmeyi ele ge\u00e7irmesine olanak tan\u0131r.","breadcrumb":{"@id":"https:\/\/staging3.odine.com\/about-us\/our-sustainable-approach\/#breadcrumb"},"inLanguage":"tr","potentialAction":[{"@type":"ReadAction","target":["https:\/\/staging3.odine.com\/about-us\/our-sustainable-approach\/"]}]},{"@type":"BreadcrumbList","@id":"https:\/\/staging3.odine.com\/about-us\/our-sustainable-approach\/#breadcrumb","itemListElement":[{"@type":"ListItem","position":1,"name":"Home","item":"https:\/\/staging3.odine.com\/"},{"@type":"ListItem","position":2,"name":"About Us","item":"https:\/\/staging3.odine.com\/about-us\/"},{"@type":"ListItem","position":3,"name":"Our Approach"}]},{"@type":"WebSite","@id":"https:\/\/staging3.odine.com\/#website","url":"https:\/\/staging3.odine.com\/","name":"Odine","description":"","potentialAction":[{"@type":"SearchAction","target":{"@type":"EntryPoint","urlTemplate":"https:\/\/staging3.odine.com\/?s={search_term_string}"},"query-input":{"@type":"PropertyValueSpecification","valueRequired":true,"valueName":"search_term_string"}}],"inLanguage":"tr"}]}},"_links":{"self":[{"href":"https:\/\/staging3.odine.com\/tr\/wp-json\/wp\/v2\/pages\/795","targetHints":{"allow":["GET"]}}],"collection":[{"href":"https:\/\/staging3.odine.com\/tr\/wp-json\/wp\/v2\/pages"}],"about":[{"href":"https:\/\/staging3.odine.com\/tr\/wp-json\/wp\/v2\/types\/page"}],"author":[{"embeddable":true,"href":"https:\/\/staging3.odine.com\/tr\/wp-json\/wp\/v2\/users\/1"}],"replies":[{"embeddable":true,"href":"https:\/\/staging3.odine.com\/tr\/wp-json\/wp\/v2\/comments?post=795"}],"version-history":[{"count":0,"href":"https:\/\/staging3.odine.com\/tr\/wp-json\/wp\/v2\/pages\/795\/revisions"}],"up":[{"embeddable":true,"href":"https:\/\/staging3.odine.com\/tr\/wp-json\/wp\/v2\/pages\/150"}],"wp:attachment":[{"href":"https:\/\/staging3.odine.com\/tr\/wp-json\/wp\/v2\/media?parent=795"}],"curies":[{"name":"wp","href":"https:\/\/api.w.org\/{rel}","templated":true}]}}