{"id":130,"date":"2023-02-13T10:43:41","date_gmt":"2023-02-13T10:43:41","guid":{"rendered":"https:\/\/odine.tiltuat.co.uk\/?page_id=130"},"modified":"2024-05-21T13:28:47","modified_gmt":"2024-05-21T12:28:47","slug":"virtualization-as-a-service","status":"publish","type":"page","link":"https:\/\/staging3.odine.com\/tr\/services\/virtualization-as-a-service\/","title":{"rendered":"Sanalla\u015ft\u0131rma Hizmeti"},"content":{"rendered":"","protected":false},"excerpt":{"rendered":"","protected":false},"author":1,"featured_media":0,"parent":2590,"menu_order":0,"comment_status":"closed","ping_status":"closed","template":"","meta":{"_acf_changed":false,"footnotes":"","_links_to":"","_links_to_target":""},"class_list":["post-130","page","type-page","status-publish","hentry"],"acf":[],"yoast_head":"<!-- This site is optimized with the Yoast SEO Premium plugin v20.7 (Yoast SEO v25.7) - https:\/\/yoast.com\/wordpress\/plugins\/seo\/ -->\n<title>Virtualization as a Service | Odine<\/title>\n<meta name=\"description\" content=\"Design your network and services in more innovative and efficient ways with Odine\u2019s holistic virtualization as a service.\" \/>\n<meta name=\"robots\" content=\"noindex, follow, max-snippet:-1, max-image-preview:large, max-video-preview:-1\" \/>\n<meta property=\"og:locale\" content=\"tr_TR\" \/>\n<meta property=\"og:type\" content=\"article\" \/>\n<meta property=\"og:title\" content=\"Virtualization as a Service\" \/>\n<meta property=\"og:description\" content=\"Design your network and services in more innovative and efficient ways with Odine\u2019s holistic virtualization as a service.\" \/>\n<meta property=\"og:url\" content=\"https:\/\/staging3.odine.com\/tr\/services\/virtualization-as-a-service\/\" \/>\n<meta property=\"og:site_name\" content=\"Odine\" \/>\n<meta property=\"article:modified_time\" content=\"2024-05-21T12:28:47+00:00\" \/>\n<meta name=\"twitter:card\" content=\"summary_large_image\" \/>\n<meta name=\"twitter:label1\" content=\"Tahmini okuma s\u00fcresi\" \/>\n\t<meta name=\"twitter:data1\" content=\"4 dakika\" \/>\n<script type=\"application\/ld+json\" class=\"yoast-schema-graph\">{\"@context\":\"https:\/\/schema.org\",\"@graph\":[{\"@type\":\"WebPage\",\"@id\":\"https:\/\/staging3.odine.com\/services\/virtualization-as-a-service\/\",\"url\":\"https:\/\/staging3.odine.com\/services\/virtualization-as-a-service\/\",\"name\":\"Virtualization as a Service | Odine\",\"isPartOf\":{\"@id\":\"https:\/\/staging3.odine.com\/#website\"},\"datePublished\":\"2023-02-13T10:43:41+00:00\",\"dateModified\":\"2024-05-21T12:28:47+00:00\",\"description\":\"Design your network and services in more innovative and efficient ways with Odine\u2019s holistic virtualization as a service.\",\"breadcrumb\":{\"@id\":\"https:\/\/staging3.odine.com\/services\/virtualization-as-a-service\/#breadcrumb\"},\"inLanguage\":\"tr\",\"potentialAction\":[{\"@type\":\"ReadAction\",\"target\":[\"https:\/\/staging3.odine.com\/services\/virtualization-as-a-service\/\"]}]},{\"@type\":\"BreadcrumbList\",\"@id\":\"https:\/\/staging3.odine.com\/services\/virtualization-as-a-service\/#breadcrumb\",\"itemListElement\":[{\"@type\":\"ListItem\",\"position\":1,\"name\":\"Home\",\"item\":\"https:\/\/staging3.odine.com\/\"},{\"@type\":\"ListItem\",\"position\":2,\"name\":\"Services\",\"item\":\"https:\/\/staging3.odine.com\/services\/\"},{\"@type\":\"ListItem\",\"position\":3,\"name\":\"Virtualization as a Service\"}]},{\"@type\":\"WebSite\",\"@id\":\"https:\/\/staging3.odine.com\/#website\",\"url\":\"https:\/\/staging3.odine.com\/\",\"name\":\"Odine\",\"description\":\"\",\"potentialAction\":[{\"@type\":\"SearchAction\",\"target\":{\"@type\":\"EntryPoint\",\"urlTemplate\":\"https:\/\/staging3.odine.com\/?s={search_term_string}\"},\"query-input\":{\"@type\":\"PropertyValueSpecification\",\"valueRequired\":true,\"valueName\":\"search_term_string\"}}],\"inLanguage\":\"tr\"}]}<\/script>\n<!-- \/ Yoast SEO Premium plugin. -->","yoast_head_json":{"title":"Sanalla\u015ft\u0131rma \u00c7\u00f6z\u00fcmleri | Odine","description":"Odine, b\u00fct\u00fcnle\u015fik sanalla\u015ft\u0131r\u0131lm\u0131\u015f \u015febeke fonksiyonlar\u0131 y\u00f6ntemiyle \u015febekenizi ve servislerinizi devreye alman\u0131za olanak sa\u011flar.","robots":{"index":"noindex","follow":"follow","max-snippet":"max-snippet:-1","max-image-preview":"max-image-preview:large","max-video-preview":"max-video-preview:-1"},"og_locale":"tr_TR","og_type":"article","og_title":"Virtualization as a Service","og_description":"Design your network and services in more innovative and efficient ways with Odine\u2019s holistic virtualization as a service.","og_url":"https:\/\/staging3.odine.com\/tr\/services\/virtualization-as-a-service\/","og_site_name":"Odine","article_modified_time":"2024-05-21T12:28:47+00:00","twitter_card":"summary_large_image","twitter_misc":{"Tahmini okuma s\u00fcresi":"4 dakika"},"schema":{"@context":"https:\/\/schema.org","@graph":[{"@type":"WebPage","@id":"https:\/\/staging3.odine.com\/services\/virtualization-as-a-service\/","url":"https:\/\/staging3.odine.com\/services\/virtualization-as-a-service\/","name":"Sanalla\u015ft\u0131rma \u00c7\u00f6z\u00fcmleri | Odine","isPartOf":{"@id":"https:\/\/staging3.odine.com\/#website"},"datePublished":"2023-02-13T10:43:41+00:00","dateModified":"2024-05-21T12:28:47+00:00","description":"Odine, b\u00fct\u00fcnle\u015fik sanalla\u015ft\u0131r\u0131lm\u0131\u015f \u015febeke fonksiyonlar\u0131 y\u00f6ntemiyle \u015febekenizi ve servislerinizi devreye alman\u0131za olanak sa\u011flar.","breadcrumb":{"@id":"https:\/\/staging3.odine.com\/services\/virtualization-as-a-service\/#breadcrumb"},"inLanguage":"tr","potentialAction":[{"@type":"ReadAction","target":["https:\/\/staging3.odine.com\/services\/virtualization-as-a-service\/"]}]},{"@type":"BreadcrumbList","@id":"https:\/\/staging3.odine.com\/services\/virtualization-as-a-service\/#breadcrumb","itemListElement":[{"@type":"ListItem","position":1,"name":"Home","item":"https:\/\/staging3.odine.com\/"},{"@type":"ListItem","position":2,"name":"Services","item":"https:\/\/staging3.odine.com\/services\/"},{"@type":"ListItem","position":3,"name":"Virtualization as a Service"}]},{"@type":"WebSite","@id":"https:\/\/staging3.odine.com\/#website","url":"https:\/\/staging3.odine.com\/","name":"Odine","description":"","potentialAction":[{"@type":"SearchAction","target":{"@type":"EntryPoint","urlTemplate":"https:\/\/staging3.odine.com\/?s={search_term_string}"},"query-input":{"@type":"PropertyValueSpecification","valueRequired":true,"valueName":"search_term_string"}}],"inLanguage":"tr"}]}},"_links":{"self":[{"href":"https:\/\/staging3.odine.com\/tr\/wp-json\/wp\/v2\/pages\/130","targetHints":{"allow":["GET"]}}],"collection":[{"href":"https:\/\/staging3.odine.com\/tr\/wp-json\/wp\/v2\/pages"}],"about":[{"href":"https:\/\/staging3.odine.com\/tr\/wp-json\/wp\/v2\/types\/page"}],"author":[{"embeddable":true,"href":"https:\/\/staging3.odine.com\/tr\/wp-json\/wp\/v2\/users\/1"}],"replies":[{"embeddable":true,"href":"https:\/\/staging3.odine.com\/tr\/wp-json\/wp\/v2\/comments?post=130"}],"version-history":[{"count":0,"href":"https:\/\/staging3.odine.com\/tr\/wp-json\/wp\/v2\/pages\/130\/revisions"}],"up":[{"embeddable":true,"href":"https:\/\/staging3.odine.com\/tr\/wp-json\/wp\/v2\/pages\/2590"}],"wp:attachment":[{"href":"https:\/\/staging3.odine.com\/tr\/wp-json\/wp\/v2\/media?parent=130"}],"curies":[{"name":"wp","href":"https:\/\/api.w.org\/{rel}","templated":true}]}}